{"id":15981,"date":"2020-05-17T14:28:56","date_gmt":"2020-05-17T12:28:56","guid":{"rendered":"https:\/\/www.postera.io\/innovation\/"},"modified":"2021-11-23T15:35:00","modified_gmt":"2021-11-23T14:35:00","slug":"innovation","status":"publish","type":"page","link":"https:\/\/postera.io\/de\/innovation\/","title":{"rendered":"Innovation"},"content":{"rendered":"<div class=\"wpb-content-wrapper\"><p>[vc_row row_height_percent=&#8220;0&#8243; override_padding=&#8220;yes&#8220; h_padding=&#8220;2&#8243; top_padding=&#8220;7&#8243; bottom_padding=&#8220;7&#8243; back_color=&#8220;color-wayh&#8220; overlay_alpha=&#8220;0&#8243; gutter_size=&#8220;3&#8243; column_width_percent=&#8220;100&#8243; shift_y=&#8220;0&#8243; z_index=&#8220;0&#8243; uncode_shortcode_id=&#8220;783701&#8243; back_color_type=&#8220;uncode-palette&#8220;][vc_column column_width_percent=&#8220;100&#8243; position_vertical=&#8220;middle&#8220; gutter_size=&#8220;3&#8243; style=&#8220;dark&#8220; font_family=&#8220;font-152638&#8243; overlay_alpha=&#8220;50&#8243; shift_x=&#8220;0&#8243; shift_y=&#8220;0&#8243; shift_y_down=&#8220;0&#8243; z_index=&#8220;0&#8243; medium_width=&#8220;0&#8243; mobile_width=&#8220;0&#8243; width=&#8220;1\/1&#8243; uncode_shortcode_id=&#8220;657175&#8243;][vc_single_image media=&#8220;14729&#8243; media_width_use_pixel=&#8220;yes&#8220; css_animation=&#8220;alpha-anim&#8220; media_width_pixel=&#8220;64&#8243; uncode_shortcode_id=&#8220;207150&#8243;][vc_row_inner][vc_column_inner width=&#8220;5\/6&#8243;][vc_custom_heading text_color=&#8220;color-xsdn&#8220; heading_semantic=&#8220;p&#8220; text_size=&#8220;fontsize-863372&#8243; text_weight=&#8220;400&#8243; text_height=&#8220;fontheight-163255&#8243; css_animation=&#8220;curtain&#8220; animation_delay=&#8220;100&#8243; interval_animation=&#8220;20&#8243; uncode_shortcode_id=&#8220;210395&#8243; text_color_type=&#8220;uncode-palette&#8220;]Mit unserem Netzwerk erfahrener Partner bieten wir das komplette Leistungsspektrum von der Machbarkeitsstudie \u00fcber die Strategieberatung bis hin zur vollst\u00e4ndigen Umsetzung neuer Gesch\u00e4ftsmodelle und Greenfield-Projekte.[\/vc_custom_heading][\/vc_column_inner][vc_column_inner width=&#8220;1\/6&#8243;][\/vc_column_inner][\/vc_row_inner][vc_column_text text_color=&#8220;accent&#8220; css_animation=&#8220;alpha-anim&#8220; el_class=&#8220;text-uppercase fontspace-177077&#8243; uncode_shortcode_id=&#8220;163419&#8243; text_color_type=&#8220;uncode-palette&#8220;]<span class=\"font-152638\">Martin Schmidt, Partner<\/span>[\/vc_column_text][\/vc_column][\/vc_row][vc_row row_height_percent=&#8220;0&#8243; override_padding=&#8220;yes&#8220; h_padding=&#8220;2&#8243; top_padding=&#8220;7&#8243; bottom_padding=&#8220;7&#8243; overlay_alpha=&#8220;50&#8243; gutter_size=&#8220;3&#8243; column_width_percent=&#8220;100&#8243; shift_y=&#8220;0&#8243; z_index=&#8220;0&#8243; uncode_shortcode_id=&#8220;154797&#8243;][vc_column width=&#8220;1\/1&#8243;][vc_custom_heading text_height=&#8220;fontheight-235726&#8243; separator=&#8220;yes&#8220; separator_color=&#8220;yes&#8220; sub_lead=&#8220;yes&#8220; sub_reduced=&#8220;yes&#8220; css_animation=&#8220;alpha-anim&#8220; uncode_shortcode_id=&#8220;192123&#8243; subheading=&#8220;Postera Capital setzt auf vier Schl\u00fcsselbereiche, um die Vision einer dezentralen Zukunft des Finanzwesens zu verfolgen.&#8220;]Unsere<br \/>\nKernbereiche[\/vc_custom_heading][vc_empty_space empty_h=&#8220;3&#8243;][vc_row_inner row_inner_height_percent=&#8220;0&#8243; overlay_alpha=&#8220;50&#8243; gutter_size=&#8220;4&#8243; shift_y=&#8220;0&#8243; z_index=&#8220;0&#8243; uncode_shortcode_id=&#8220;984652&#8243;][vc_column_inner column_width_percent=&#8220;100&#8243; gutter_size=&#8220;3&#8243; overlay_alpha=&#8220;50&#8243; shift_x=&#8220;0&#8243; shift_y=&#8220;0&#8243; shift_y_down=&#8220;0&#8243; z_index=&#8220;0&#8243; medium_width=&#8220;0&#8243; mobile_width=&#8220;0&#8243; width=&#8220;1\/2&#8243; uncode_shortcode_id=&#8220;869108&#8243;][vc_custom_heading text_color=&#8220;accent&#8220; heading_semantic=&#8220;div&#8220; text_font=&#8220;font-152638&#8243; text_size=&#8220;h6&#8243; text_weight=&#8220;400&#8243; text_transform=&#8220;uppercase&#8220; text_space=&#8220;fontspace-177077&#8243; sub_reduced=&#8220;yes&#8220; css_animation=&#8220;alpha-anim&#8220; uncode_shortcode_id=&#8220;175678&#8243; text_color_type=&#8220;uncode-palette&#8220;]01[\/vc_custom_heading][vc_custom_heading heading_semantic=&#8220;h3&#8243; text_size=&#8220;h3&#8243; text_height=&#8220;fontheight-235726&#8243; separator=&#8220;yes&#8220; separator_color=&#8220;yes&#8220; sub_reduced=&#8220;yes&#8220; css_animation=&#8220;alpha-anim&#8220; subheading=&#8220;Planen Sie, einen Token zu lancieren? Der Schl\u00fcssel zum erfolgreichen Token-Launch liegt in der Token-\u00d6konomie. Die Entwicklung funktionierender Modelle erfordert eine Kombination aus Krypto-Expertise sowie einem soliden Verst\u00e4ndnis traditioneller Finanz- und Gesch\u00e4ftsmodelle. Wir beraten sowohl Firmenkunden als auch Krypto-Projekte, damit sie den maximalen Wert aus ihrem Token-Projekt herausholen.&#8220; uncode_shortcode_id=&#8220;144819&#8243; el_class=&#8220;remove-top-margin&#8220;]Token-Economics[\/vc_custom_heading][vc_empty_space][\/vc_column_inner][vc_column_inner column_width_percent=&#8220;100&#8243; gutter_size=&#8220;3&#8243; overlay_alpha=&#8220;50&#8243; shift_x=&#8220;0&#8243; shift_y=&#8220;0&#8243; shift_y_down=&#8220;0&#8243; z_index=&#8220;0&#8243; medium_width=&#8220;0&#8243; mobile_width=&#8220;0&#8243; width=&#8220;1\/2&#8243; uncode_shortcode_id=&#8220;376337&#8243;][vc_custom_heading text_color=&#8220;accent&#8220; heading_semantic=&#8220;div&#8220; text_font=&#8220;font-152638&#8243; text_size=&#8220;h6&#8243; text_weight=&#8220;400&#8243; text_transform=&#8220;uppercase&#8220; text_space=&#8220;fontspace-177077&#8243; sub_reduced=&#8220;yes&#8220; css_animation=&#8220;alpha-anim&#8220; uncode_shortcode_id=&#8220;646132&#8243; text_color_type=&#8220;uncode-palette&#8220;]02[\/vc_custom_heading][vc_custom_heading heading_semantic=&#8220;h3&#8243; text_size=&#8220;h3&#8243; text_height=&#8220;fontheight-235726&#8243; separator=&#8220;yes&#8220; separator_color=&#8220;yes&#8220; css_animation=&#8220;alpha-anim&#8220; subheading=&#8220;Oft wird \u00fcbersehen, dass gute Governance die Grundlage f\u00fcr den Wert eines jeden Projekts ist. In einer dezentralen Zukunft wird effektive Governance ein entscheidender Wettbewerbsvorteil sein. Wir unterst\u00fctzen Kunden bei der Analyse und Gestaltung von Governance-Konzepten, um optimale Ergebnisse im jeweiligen Token-Modell zu erzielen.&#8220; uncode_shortcode_id=&#8220;102039&#8243; el_class=&#8220;remove-top-margin&#8220;]Dezentrale Governance[\/vc_custom_heading][vc_empty_space][\/vc_column_inner][\/vc_row_inner][vc_row_inner row_inner_height_percent=&#8220;0&#8243; overlay_alpha=&#8220;50&#8243; gutter_size=&#8220;4&#8243; shift_y=&#8220;0&#8243; z_index=&#8220;0&#8243; limit_content=&#8220;&#8220;][vc_column_inner width=&#8220;1\/2&#8243;][vc_custom_heading text_color=&#8220;accent&#8220; heading_semantic=&#8220;div&#8220; text_font=&#8220;font-152638&#8243; text_size=&#8220;h6&#8243; text_weight=&#8220;400&#8243; text_transform=&#8220;uppercase&#8220; text_space=&#8220;fontspace-177077&#8243; sub_reduced=&#8220;yes&#8220; css_animation=&#8220;alpha-anim&#8220; uncode_shortcode_id=&#8220;111731&#8243; text_color_type=&#8220;uncode-palette&#8220;]03[\/vc_custom_heading][vc_custom_heading heading_semantic=&#8220;h3&#8243; text_size=&#8220;h3&#8243; text_height=&#8220;fontheight-235726&#8243; separator=&#8220;yes&#8220; separator_color=&#8220;yes&#8220; sub_reduced=&#8220;yes&#8220; css_animation=&#8220;alpha-anim&#8220; subheading=&#8220;Wir bieten eine breite Palette an technologiebezogenen Dienstleistungen, von der technischen Due Diligence bis hin zur vollst\u00e4ndigen Implementierung von Blockchain-Projekten. Wir unterst\u00fctzen sowohl Kunden, die eigene Blockchain-L\u00f6sungen entwickeln, als auch Kunden, die Smart-Contract-Systeme auf bestehenden \u00f6ffentlichen Blockchains implementieren wollen. Dar\u00fcber hinaus unterst\u00fctzen wir Entwicklungsteams durch Code-Reviews und fungieren als Soundingboard f\u00fcr Projekt-Initiatoren und Investoren.&#8220; uncode_shortcode_id=&#8220;337872&#8243; el_class=&#8220;remove-top-margin&#8220;]Technologie[\/vc_custom_heading][vc_empty_space][\/vc_column_inner][vc_column_inner width=&#8220;1\/2&#8243;][vc_custom_heading text_color=&#8220;accent&#8220; heading_semantic=&#8220;div&#8220; text_font=&#8220;font-152638&#8243; text_size=&#8220;h6&#8243; text_weight=&#8220;400&#8243; text_transform=&#8220;uppercase&#8220; text_space=&#8220;fontspace-177077&#8243; sub_reduced=&#8220;yes&#8220; css_animation=&#8220;alpha-anim&#8220; uncode_shortcode_id=&#8220;132428&#8243; text_color_type=&#8220;uncode-palette&#8220;]04[\/vc_custom_heading][vc_custom_heading heading_semantic=&#8220;h3&#8243; text_size=&#8220;h3&#8243; text_height=&#8220;fontheight-235726&#8243; separator=&#8220;yes&#8220; separator_color=&#8220;yes&#8220; sub_reduced=&#8220;yes&#8220; css_animation=&#8220;alpha-anim&#8220; subheading=&#8220;F\u00fcr Finanzinvestoren f\u00fchren wir Portfolio-Reviews durch, in denen wir Risiken und Chancen ihrer Portfolios identifizieren. Dazu geh\u00f6rt der Aufbau der richtigen Infrastruktur f\u00fcr den Handel, die Speicherung und die Verwaltung ihrer digitalen Assets. Dar\u00fcber hinaus liefern wir ma\u00dfgeschneiderte Anlagestrategien, die auf den Risiko-, Rendite- und Liquidit\u00e4tspr\u00e4ferenzen der Anleger basieren.&#8220; uncode_shortcode_id=&#8220;820238&#8243; el_class=&#8220;remove-top-margin&#8220;]Portfolio-Review[\/vc_custom_heading][\/vc_column_inner][\/vc_row_inner][\/vc_column][\/vc_row][vc_row row_height_percent=&#8220;60&#8243; back_image=&#8220;13001&#8243; back_position=&#8220;center center&#8220; parallax=&#8220;yes&#8220; overlay_color=&#8220;color-uydo&#8220; overlay_alpha=&#8220;100&#8243; overlay_color_blend=&#8220;multiply&#8220; gutter_size=&#8220;3&#8243; column_width_percent=&#8220;100&#8243; shift_y=&#8220;0&#8243; z_index=&#8220;0&#8243;][vc_column width=&#8220;1\/1&#8243;][\/vc_column][\/vc_row][vc_row row_height_percent=&#8220;0&#8243; override_padding=&#8220;yes&#8220; h_padding=&#8220;2&#8243; top_padding=&#8220;7&#8243; bottom_padding=&#8220;7&#8243; overlay_alpha=&#8220;50&#8243; gutter_size=&#8220;3&#8243; column_width_percent=&#8220;100&#8243; shift_y=&#8220;0&#8243; z_index=&#8220;0&#8243;][vc_column width=&#8220;1\/1&#8243;][vc_custom_heading text_height=&#8220;fontheight-235726&#8243; separator=&#8220;yes&#8220; separator_color=&#8220;yes&#8220; sub_lead=&#8220;yes&#8220; sub_reduced=&#8220;yes&#8220; css_animation=&#8220;alpha-anim&#8220; uncode_shortcode_id=&#8220;175971&#8243; subheading=&#8220;Postera Capital setzt auf vier Schl\u00fcsselbereiche, um die Vision einer dezentralen Zukunft des Finanzwesens zu verfolgen.&#8220;]Projekt-<br \/>\nbeispiele[\/vc_custom_heading][vc_empty_space empty_h=&#8220;3&#8243;][vc_row_inner row_inner_height_percent=&#8220;0&#8243; overlay_alpha=&#8220;50&#8243; gutter_size=&#8220;4&#8243; shift_y=&#8220;0&#8243; z_index=&#8220;0&#8243; uncode_shortcode_id=&#8220;984652&#8243;][vc_column_inner column_width_percent=&#8220;100&#8243; gutter_size=&#8220;3&#8243; overlay_alpha=&#8220;50&#8243; shift_x=&#8220;0&#8243; shift_y=&#8220;0&#8243; shift_y_down=&#8220;0&#8243; z_index=&#8220;0&#8243; medium_width=&#8220;0&#8243; mobile_width=&#8220;0&#8243; width=&#8220;1\/2&#8243; uncode_shortcode_id=&#8220;869108&#8243;][vc_custom_heading text_color=&#8220;accent&#8220; heading_semantic=&#8220;div&#8220; text_font=&#8220;font-152638&#8243; text_size=&#8220;h6&#8243; text_weight=&#8220;400&#8243; text_transform=&#8220;uppercase&#8220; text_space=&#8220;fontspace-177077&#8243; sub_reduced=&#8220;yes&#8220; css_animation=&#8220;alpha-anim&#8220; uncode_shortcode_id=&#8220;869752&#8243; text_color_type=&#8220;uncode-palette&#8220;]01[\/vc_custom_heading][vc_custom_heading heading_semantic=&#8220;h3&#8243; text_size=&#8220;h3&#8243; text_height=&#8220;fontheight-235726&#8243; separator=&#8220;yes&#8220; separator_color=&#8220;yes&#8220; sub_reduced=&#8220;yes&#8220; css_animation=&#8220;alpha-anim&#8220; uncode_shortcode_id=&#8220;113390&#8243; subheading=&#8220;F\u00fcr die Non-Profit-Organisation Wikimedia entwickelte Postera eine umfassende Blockchain-Strategie. Gemeinsam mit dem Top-Management haben wir Funktionsbereiche identifiziert, in denen bestehende Dienste verbessert und neue Dienste auf Basis von Blockchain und anderen dezentralen Ans\u00e4tzen entwickelt werden konnten. Ergebnis der Arbeiten war ein umfangreiches White Paper. F\u00fcr die Bereiche mit dem gr\u00f6\u00dften Potenzial wurden praktisch umsetzbare und risikoreduzierende Roadmaps entwickelt. Weiterhin haben wir ein umfassendes Playbook erarbeitet, auf dessen Basis zuk\u00fcnftige Initiativen in unterschiedlichen Bereichen umgesetzt werden k\u00f6nnen.&#8220; el_class=&#8220;remove-top-margin&#8220;]Blockchain-Strategie<br \/>\nf\u00fcr Wikimedia[\/vc_custom_heading][vc_empty_space][\/vc_column_inner][vc_column_inner column_width_percent=&#8220;100&#8243; gutter_size=&#8220;3&#8243; overlay_alpha=&#8220;50&#8243; shift_x=&#8220;0&#8243; shift_y=&#8220;0&#8243; shift_y_down=&#8220;0&#8243; z_index=&#8220;0&#8243; medium_width=&#8220;0&#8243; mobile_width=&#8220;0&#8243; width=&#8220;1\/2&#8243; uncode_shortcode_id=&#8220;376337&#8243;][vc_custom_heading text_color=&#8220;accent&#8220; heading_semantic=&#8220;div&#8220; text_font=&#8220;font-152638&#8243; text_size=&#8220;h6&#8243; text_weight=&#8220;400&#8243; text_transform=&#8220;uppercase&#8220; text_space=&#8220;fontspace-177077&#8243; sub_reduced=&#8220;yes&#8220; css_animation=&#8220;alpha-anim&#8220; uncode_shortcode_id=&#8220;933407&#8243; text_color_type=&#8220;uncode-palette&#8220;]02[\/vc_custom_heading][vc_custom_heading heading_semantic=&#8220;h3&#8243; text_size=&#8220;h3&#8243; text_height=&#8220;fontheight-235726&#8243; separator=&#8220;yes&#8220; separator_color=&#8220;yes&#8220; sub_reduced=&#8220;yes&#8220; css_animation=&#8220;alpha-anim&#8220; uncode_shortcode_id=&#8220;881670&#8243; subheading=&#8220;F\u00fcr einen erfolgreichen Unternehmer und Investor hat Postera ein neuartiges Token-Projekt entwickelt. Als Projektleiter haben wir alle f\u00fcr das Projekt relevanten Aspekte konzipiert und umgesetzt, einschlie\u00dflich der Token-\u00d6konomie, des Finanzierungsmechanismus, der Vertriebs- und Marketingstrategie sowie der Eigenschaften des Tokens und Anreiz- und Governance-Mechanismen. Wesentliche Erfolgsfaktoren waren eine klare Formulierung der Projektziele, die Entwicklung eines Projektplans und die professionelle Umsetzung.&#8220; el_class=&#8220;remove-top-margin&#8220;]Umsetzung eines<br \/>\nToken-Projekts[\/vc_custom_heading][vc_empty_space][\/vc_column_inner][\/vc_row_inner][vc_row_inner row_inner_height_percent=&#8220;0&#8243; overlay_alpha=&#8220;50&#8243; gutter_size=&#8220;4&#8243; shift_y=&#8220;0&#8243; z_index=&#8220;0&#8243; uncode_shortcode_id=&#8220;197125&#8243;][vc_column_inner column_width_percent=&#8220;100&#8243; gutter_size=&#8220;3&#8243; overlay_alpha=&#8220;50&#8243; shift_x=&#8220;0&#8243; shift_y=&#8220;0&#8243; shift_y_down=&#8220;0&#8243; z_index=&#8220;0&#8243; medium_width=&#8220;0&#8243; mobile_width=&#8220;0&#8243; width=&#8220;1\/2&#8243; uncode_shortcode_id=&#8220;508017&#8243;][vc_custom_heading text_color=&#8220;accent&#8220; heading_semantic=&#8220;div&#8220; text_font=&#8220;font-152638&#8243; text_size=&#8220;h6&#8243; text_weight=&#8220;400&#8243; text_transform=&#8220;uppercase&#8220; text_space=&#8220;fontspace-177077&#8243; sub_reduced=&#8220;yes&#8220; css_animation=&#8220;alpha-anim&#8220; uncode_shortcode_id=&#8220;337527&#8243; text_color_type=&#8220;uncode-palette&#8220;]03[\/vc_custom_heading][vc_custom_heading heading_semantic=&#8220;h3&#8243; text_size=&#8220;h3&#8243; text_height=&#8220;fontheight-235726&#8243; separator=&#8220;yes&#8220; separator_color=&#8220;yes&#8220; sub_reduced=&#8220;yes&#8220; css_animation=&#8220;alpha-anim&#8220; uncode_shortcode_id=&#8220;566157&#8243; subheading=&#8220;Ein institutioneller Investor trat mit seinem Portfolio an digitalen Assets an uns heran. Zun\u00e4chst haben wir die einzelnen Assets auf Risiken und Chancen aus den Perspektiven Wirtschaftlichkeit, Technologie und Governance \u00fcberpr\u00fcft. Wir haben den Kunden beim Aufbau der richtigen Infrastruktur f\u00fcr den Handel, der Verwahrung und Verwaltung seiner digitalen Assets unterst\u00fctzt. Schlie\u00dflich haben wir eine ma\u00dfgeschneiderte Krypto-Handelsstrategie entwickelt und implementiert.&#8220; el_class=&#8220;remove-top-margin&#8220;]Portfolio-Review f\u00fcr einen institutionellen Investor[\/vc_custom_heading][\/vc_column_inner][vc_column_inner width=&#8220;1\/2&#8243;][\/vc_column_inner][\/vc_row_inner][\/vc_column][\/vc_row][vc_row row_height_percent=&#8220;0&#8243; override_padding=&#8220;yes&#8220; h_padding=&#8220;2&#8243; top_padding=&#8220;5&#8243; bottom_padding=&#8220;7&#8243; overlay_alpha=&#8220;50&#8243; gutter_size=&#8220;3&#8243; column_width_percent=&#8220;100&#8243; shift_y=&#8220;0&#8243; z_index=&#8220;0&#8243;][vc_column width=&#8220;1\/1&#8243;][vc_row_inner limit_content=&#8220;&#8220;][vc_column_inner width=&#8220;1\/6&#8243;][\/vc_column_inner][vc_column_inner column_width_percent=&#8220;100&#8243; align_horizontal=&#8220;align_center&#8220; gutter_size=&#8220;3&#8243; overlay_alpha=&#8220;50&#8243; shift_x=&#8220;0&#8243; shift_y=&#8220;0&#8243; shift_y_down=&#8220;0&#8243; z_index=&#8220;0&#8243; medium_width=&#8220;0&#8243; mobile_width=&#8220;0&#8243; width=&#8220;2\/3&#8243;][vc_custom_heading text_color=&#8220;color-xsdn&#8220; text_size=&#8220;h1&#8243; text_height=&#8220;fontheight-235726&#8243; separator=&#8220;yes&#8220; separator_color=&#8220;yes&#8220; css_animation=&#8220;alpha-anim&#8220; animation_delay=&#8220;100&#8243; uncode_shortcode_id=&#8220;213061&#8243; text_color_type=&#8220;uncode-palette&#8220;]Starten Sie mit Ihren<br \/>\nBlockchain-Initiativen durch![\/vc_custom_heading][vc_button button_color=&#8220;color-xsdn&#8220; size=&#8220;btn-lg&#8220; radius=&#8220;btn-circle&#8220; hover_fx=&#8220;outlined&#8220; outline=&#8220;yes&#8220; custom_typo=&#8220;yes&#8220; font_family=&#8220;font-555555&#8243; font_weight=&#8220;400&#8243; text_transform=&#8220;uppercase&#8220; letter_spacing=&#8220;fontspace-177077&#8243; border_width=&#8220;0&#8243; css_animation=&#8220;alpha-anim&#8220; animation_delay=&#8220;200&#8243; link=&#8220;url:https%3A%2F%2Fpostera.io%2Fde%2Fkontakt%2F|title:Kontaktieren%20Sie%20uns|&#8220; button_color_type=&#8220;uncode-palette&#8220; uncode_shortcode_id=&#8220;173097&#8243;]Kontaktieren Sie uns[\/vc_button][\/vc_column_inner][vc_column_inner width=&#8220;1\/6&#8243;][\/vc_column_inner][\/vc_row_inner][\/vc_column][\/vc_row]<\/p>\n<\/div>","protected":false},"excerpt":{"rendered":"<p>[vc_row row_height_percent=&#8220;0&#8243; override_padding=&#8220;yes&#8220; h_padding=&#8220;2&#8243; top_padding=&#8220;7&#8243; bottom_padding=&#8220;7&#8243; back_color=&#8220;color-wayh&#8220; overlay_alpha=&#8220;0&#8243; gutter_size=&#8220;3&#8243; column_width_percent=&#8220;100&#8243; shift_y=&#8220;0&#8243; z_index=&#8220;0&#8243; uncode_shortcode_id=&#8220;783701&#8243; back_color_type=&#8220;uncode-palette&#8220;][vc_column column_width_percent=&#8220;100&#8243; position_vertical=&#8220;middle&#8220; gutter_size=&#8220;3&#8243; style=&#8220;dark&#8220; font_family=&#8220;font-152638&#8243; overlay_alpha=&#8220;50&#8243; [&hellip;]<\/p>\n","protected":false},"author":1,"featured_media":0,"parent":0,"menu_order":0,"comment_status":"closed","ping_status":"closed","template":"","meta":{"footnotes":""},"class_list":["post-15981","page","type-page","status-publish","hentry"],"yoast_head":"<!-- This site is optimized with the Yoast SEO plugin v26.3 - https:\/\/yoast.com\/wordpress\/plugins\/seo\/ -->\n<title>Innovation - Postera Capital<\/title>\n<meta name=\"description\" content=\"Postera Capital provides access to blockchain investment, innovation and data insights.\" \/>\n<meta name=\"robots\" content=\"index, follow, max-snippet:-1, max-image-preview:large, max-video-preview:-1\" \/>\n<link rel=\"canonical\" href=\"https:\/\/postera.io\/de\/innovation\/\" \/>\n<meta property=\"og:locale\" content=\"de_DE\" \/>\n<meta property=\"og:type\" content=\"article\" \/>\n<meta property=\"og:title\" content=\"Innovation - Postera Capital\" \/>\n<meta property=\"og:description\" content=\"Postera Capital provides access to blockchain investment, innovation and data insights.\" \/>\n<meta property=\"og:url\" content=\"https:\/\/postera.io\/de\/innovation\/\" \/>\n<meta property=\"og:site_name\" content=\"Postera Capital\" \/>\n<meta property=\"article:modified_time\" content=\"2021-11-23T14:35:00+00:00\" \/>\n<meta name=\"twitter:card\" content=\"summary_large_image\" \/>\n<meta name=\"twitter:label1\" content=\"Gesch\u00e4tzte Lesezeit\" \/>\n\t<meta name=\"twitter:data1\" content=\"4\u00a0Minuten\" \/>\n<script type=\"application\/ld+json\" class=\"yoast-schema-graph\">{\"@context\":\"https:\/\/schema.org\",\"@graph\":[{\"@type\":\"WebPage\",\"@id\":\"https:\/\/postera.io\/de\/innovation\/\",\"url\":\"https:\/\/postera.io\/de\/innovation\/\",\"name\":\"Innovation - Postera Capital\",\"isPartOf\":{\"@id\":\"https:\/\/postera.io\/de\/#website\"},\"datePublished\":\"2020-05-17T12:28:56+00:00\",\"dateModified\":\"2021-11-23T14:35:00+00:00\",\"description\":\"Postera Capital provides access to blockchain investment, innovation and data insights.\",\"breadcrumb\":{\"@id\":\"https:\/\/postera.io\/de\/innovation\/#breadcrumb\"},\"inLanguage\":\"de\",\"potentialAction\":[{\"@type\":\"ReadAction\",\"target\":[\"https:\/\/postera.io\/de\/innovation\/\"]}]},{\"@type\":\"BreadcrumbList\",\"@id\":\"https:\/\/postera.io\/de\/innovation\/#breadcrumb\",\"itemListElement\":[{\"@type\":\"ListItem\",\"position\":1,\"name\":\"Home\",\"item\":\"https:\/\/postera.io\/de\/\"},{\"@type\":\"ListItem\",\"position\":2,\"name\":\"Innovation\"}]},{\"@type\":\"WebSite\",\"@id\":\"https:\/\/postera.io\/de\/#website\",\"url\":\"https:\/\/postera.io\/de\/\",\"name\":\"Postera Capital\",\"description\":\"Invest into a new era \u2013 with blockchain\",\"publisher\":{\"@id\":\"https:\/\/postera.io\/de\/#organization\"},\"potentialAction\":[{\"@type\":\"SearchAction\",\"target\":{\"@type\":\"EntryPoint\",\"urlTemplate\":\"https:\/\/postera.io\/de\/?s={search_term_string}\"},\"query-input\":{\"@type\":\"PropertyValueSpecification\",\"valueRequired\":true,\"valueName\":\"search_term_string\"}}],\"inLanguage\":\"de\"},{\"@type\":\"Organization\",\"@id\":\"https:\/\/postera.io\/de\/#organization\",\"name\":\"Postera Capital GmbH\",\"url\":\"https:\/\/postera.io\/de\/\",\"logo\":{\"@type\":\"ImageObject\",\"inLanguage\":\"de\",\"@id\":\"https:\/\/postera.io\/de\/#\/schema\/logo\/image\/\",\"url\":\"https:\/\/www.postera.io\/wp-content\/uploads\/2021\/10\/postera-capital-logo.png\",\"contentUrl\":\"https:\/\/www.postera.io\/wp-content\/uploads\/2021\/10\/postera-capital-logo.png\",\"width\":1455,\"height\":647,\"caption\":\"Postera Capital GmbH\"},\"image\":{\"@id\":\"https:\/\/postera.io\/de\/#\/schema\/logo\/image\/\"},\"sameAs\":[\"https:\/\/linkedin.com\/company\/postera-capital\"]}]}<\/script>\n<!-- \/ Yoast SEO plugin. -->","yoast_head_json":{"title":"Innovation - Postera Capital","description":"Postera Capital provides access to blockchain investment, innovation and data insights.","robots":{"index":"index","follow":"follow","max-snippet":"max-snippet:-1","max-image-preview":"max-image-preview:large","max-video-preview":"max-video-preview:-1"},"canonical":"https:\/\/postera.io\/de\/innovation\/","og_locale":"de_DE","og_type":"article","og_title":"Innovation - Postera Capital","og_description":"Postera Capital provides access to blockchain investment, innovation and data insights.","og_url":"https:\/\/postera.io\/de\/innovation\/","og_site_name":"Postera Capital","article_modified_time":"2021-11-23T14:35:00+00:00","twitter_card":"summary_large_image","twitter_misc":{"Gesch\u00e4tzte Lesezeit":"4\u00a0Minuten"},"schema":{"@context":"https:\/\/schema.org","@graph":[{"@type":"WebPage","@id":"https:\/\/postera.io\/de\/innovation\/","url":"https:\/\/postera.io\/de\/innovation\/","name":"Innovation - Postera Capital","isPartOf":{"@id":"https:\/\/postera.io\/de\/#website"},"datePublished":"2020-05-17T12:28:56+00:00","dateModified":"2021-11-23T14:35:00+00:00","description":"Postera Capital provides access to blockchain investment, innovation and data insights.","breadcrumb":{"@id":"https:\/\/postera.io\/de\/innovation\/#breadcrumb"},"inLanguage":"de","potentialAction":[{"@type":"ReadAction","target":["https:\/\/postera.io\/de\/innovation\/"]}]},{"@type":"BreadcrumbList","@id":"https:\/\/postera.io\/de\/innovation\/#breadcrumb","itemListElement":[{"@type":"ListItem","position":1,"name":"Home","item":"https:\/\/postera.io\/de\/"},{"@type":"ListItem","position":2,"name":"Innovation"}]},{"@type":"WebSite","@id":"https:\/\/postera.io\/de\/#website","url":"https:\/\/postera.io\/de\/","name":"Postera Capital","description":"Invest into a new era \u2013 with blockchain","publisher":{"@id":"https:\/\/postera.io\/de\/#organization"},"potentialAction":[{"@type":"SearchAction","target":{"@type":"EntryPoint","urlTemplate":"https:\/\/postera.io\/de\/?s={search_term_string}"},"query-input":{"@type":"PropertyValueSpecification","valueRequired":true,"valueName":"search_term_string"}}],"inLanguage":"de"},{"@type":"Organization","@id":"https:\/\/postera.io\/de\/#organization","name":"Postera Capital GmbH","url":"https:\/\/postera.io\/de\/","logo":{"@type":"ImageObject","inLanguage":"de","@id":"https:\/\/postera.io\/de\/#\/schema\/logo\/image\/","url":"https:\/\/www.postera.io\/wp-content\/uploads\/2021\/10\/postera-capital-logo.png","contentUrl":"https:\/\/www.postera.io\/wp-content\/uploads\/2021\/10\/postera-capital-logo.png","width":1455,"height":647,"caption":"Postera Capital GmbH"},"image":{"@id":"https:\/\/postera.io\/de\/#\/schema\/logo\/image\/"},"sameAs":["https:\/\/linkedin.com\/company\/postera-capital"]}]}},"_links":{"self":[{"href":"https:\/\/postera.io\/de\/wp-json\/wp\/v2\/pages\/15981","targetHints":{"allow":["GET"]}}],"collection":[{"href":"https:\/\/postera.io\/de\/wp-json\/wp\/v2\/pages"}],"about":[{"href":"https:\/\/postera.io\/de\/wp-json\/wp\/v2\/types\/page"}],"author":[{"embeddable":true,"href":"https:\/\/postera.io\/de\/wp-json\/wp\/v2\/users\/1"}],"replies":[{"embeddable":true,"href":"https:\/\/postera.io\/de\/wp-json\/wp\/v2\/comments?post=15981"}],"version-history":[{"count":10,"href":"https:\/\/postera.io\/de\/wp-json\/wp\/v2\/pages\/15981\/revisions"}],"predecessor-version":[{"id":16581,"href":"https:\/\/postera.io\/de\/wp-json\/wp\/v2\/pages\/15981\/revisions\/16581"}],"wp:attachment":[{"href":"https:\/\/postera.io\/de\/wp-json\/wp\/v2\/media?parent=15981"}],"curies":[{"name":"wp","href":"https:\/\/api.w.org\/{rel}","templated":true}]}}