{"id":14395,"date":"2020-05-17T14:31:02","date_gmt":"2020-05-17T12:31:02","guid":{"rendered":"https:\/\/www.postera.io\/impressum\/"},"modified":"2021-10-14T16:41:04","modified_gmt":"2021-10-14T14:41:04","slug":"impressum","status":"publish","type":"page","link":"https:\/\/postera.io\/de\/impressum\/","title":{"rendered":"Impressum"},"content":{"rendered":"<div class=\"wpb-content-wrapper\"><p>[vc_row row_height_percent=&#8220;0&#8243; override_padding=&#8220;yes&#8220; h_padding=&#8220;2&#8243; top_padding=&#8220;6&#8243; bottom_padding=&#8220;7&#8243; overlay_alpha=&#8220;50&#8243; gutter_size=&#8220;3&#8243; column_width_percent=&#8220;100&#8243; shift_y=&#8220;0&#8243; z_index=&#8220;0&#8243;][vc_column width=&#8220;1\/1&#8243;][vc_column_text]Postera Capital GmbH<br \/>\nWilhelm-Tell-Str. 26<br \/>\n40219 D\u00fcsseldorf<br \/>\nDeutschland<\/p>\n<p>Alle Rechte vorbehalten.<\/p>\n<p>Gr\u00fcndungsgesellschafter: Nicolas Biagosch, Martin Schmidt<\/p>\n<p>Handelsregister D\u00fcsseldorf, HRB 81270<br \/>\nUSt.-ID DE317099338<\/p>\n<p>Kontakt: info(at)postera.io<br \/>\nTel. +49 211 976 333 50<\/p>\n<p>Verantwortlich f\u00fcr den Inhalt gem\u00e4\u00df \u00a7 55 Abs. 2 RStV:<br \/>\nNicolas Biagosch.[\/vc_column_text][\/vc_column][\/vc_row]<\/p>\n<\/div>","protected":false},"excerpt":{"rendered":"<p>[vc_row row_height_percent=&#8220;0&#8243; override_padding=&#8220;yes&#8220; h_padding=&#8220;2&#8243; top_padding=&#8220;6&#8243; bottom_padding=&#8220;7&#8243; overlay_alpha=&#8220;50&#8243; gutter_size=&#8220;3&#8243; column_width_percent=&#8220;100&#8243; shift_y=&#8220;0&#8243; z_index=&#8220;0&#8243;][vc_column width=&#8220;1\/1&#8243;][vc_column_text]Postera Capital GmbH Wilhelm-Tell-Str. 26 40219 D\u00fcsseldorf Deutschland Alle [&hellip;]<\/p>\n","protected":false},"author":1,"featured_media":0,"parent":0,"menu_order":0,"comment_status":"closed","ping_status":"closed","template":"","meta":{"footnotes":""},"class_list":["post-14395","page","type-page","status-publish","hentry"],"yoast_head":"<!-- This site is optimized with the Yoast SEO plugin v27.3 - https:\/\/yoast.com\/product\/yoast-seo-wordpress\/ -->\n<title>Impressum - Postera Capital<\/title>\n<meta name=\"description\" content=\"Postera Capital provides access to blockchain investment, innovation and data insights.\" \/>\n<meta name=\"robots\" content=\"index, follow, max-snippet:-1, max-image-preview:large, max-video-preview:-1\" \/>\n<link rel=\"canonical\" href=\"https:\/\/postera.io\/de\/impressum\/\" \/>\n<meta property=\"og:locale\" content=\"de_DE\" \/>\n<meta property=\"og:type\" content=\"article\" \/>\n<meta property=\"og:title\" content=\"Impressum - Postera Capital\" \/>\n<meta property=\"og:description\" content=\"Postera Capital provides access to blockchain investment, innovation and data insights.\" \/>\n<meta property=\"og:url\" content=\"https:\/\/postera.io\/de\/impressum\/\" \/>\n<meta property=\"og:site_name\" content=\"Postera Capital\" \/>\n<meta property=\"article:modified_time\" content=\"2021-10-14T14:41:04+00:00\" \/>\n<meta name=\"twitter:card\" content=\"summary_large_image\" \/>\n<script type=\"application\/ld+json\" class=\"yoast-schema-graph\">{\"@context\":\"https:\\\/\\\/schema.org\",\"@graph\":[{\"@type\":\"WebPage\",\"@id\":\"https:\\\/\\\/postera.io\\\/de\\\/impressum\\\/\",\"url\":\"https:\\\/\\\/postera.io\\\/de\\\/impressum\\\/\",\"name\":\"Impressum - Postera Capital\",\"isPartOf\":{\"@id\":\"https:\\\/\\\/postera.io\\\/de\\\/#website\"},\"datePublished\":\"2020-05-17T12:31:02+00:00\",\"dateModified\":\"2021-10-14T14:41:04+00:00\",\"description\":\"Postera Capital provides access to blockchain investment, innovation and data insights.\",\"breadcrumb\":{\"@id\":\"https:\\\/\\\/postera.io\\\/de\\\/impressum\\\/#breadcrumb\"},\"inLanguage\":\"de\",\"potentialAction\":[{\"@type\":\"ReadAction\",\"target\":[\"https:\\\/\\\/postera.io\\\/de\\\/impressum\\\/\"]}]},{\"@type\":\"BreadcrumbList\",\"@id\":\"https:\\\/\\\/postera.io\\\/de\\\/impressum\\\/#breadcrumb\",\"itemListElement\":[{\"@type\":\"ListItem\",\"position\":1,\"name\":\"Home\",\"item\":\"https:\\\/\\\/postera.io\\\/de\\\/\"},{\"@type\":\"ListItem\",\"position\":2,\"name\":\"Impressum\"}]},{\"@type\":\"WebSite\",\"@id\":\"https:\\\/\\\/postera.io\\\/de\\\/#website\",\"url\":\"https:\\\/\\\/postera.io\\\/de\\\/\",\"name\":\"Postera Capital\",\"description\":\"Invest into a new era \u2013 with blockchain\",\"publisher\":{\"@id\":\"https:\\\/\\\/postera.io\\\/de\\\/#organization\"},\"potentialAction\":[{\"@type\":\"SearchAction\",\"target\":{\"@type\":\"EntryPoint\",\"urlTemplate\":\"https:\\\/\\\/postera.io\\\/de\\\/?s={search_term_string}\"},\"query-input\":{\"@type\":\"PropertyValueSpecification\",\"valueRequired\":true,\"valueName\":\"search_term_string\"}}],\"inLanguage\":\"de\"},{\"@type\":\"Organization\",\"@id\":\"https:\\\/\\\/postera.io\\\/de\\\/#organization\",\"name\":\"Postera Capital GmbH\",\"url\":\"https:\\\/\\\/postera.io\\\/de\\\/\",\"logo\":{\"@type\":\"ImageObject\",\"inLanguage\":\"de\",\"@id\":\"https:\\\/\\\/postera.io\\\/de\\\/#\\\/schema\\\/logo\\\/image\\\/\",\"url\":\"https:\\\/\\\/www.postera.io\\\/wp-content\\\/uploads\\\/2021\\\/10\\\/postera-capital-logo.png\",\"contentUrl\":\"https:\\\/\\\/www.postera.io\\\/wp-content\\\/uploads\\\/2021\\\/10\\\/postera-capital-logo.png\",\"width\":1455,\"height\":647,\"caption\":\"Postera Capital GmbH\"},\"image\":{\"@id\":\"https:\\\/\\\/postera.io\\\/de\\\/#\\\/schema\\\/logo\\\/image\\\/\"},\"sameAs\":[\"https:\\\/\\\/linkedin.com\\\/company\\\/postera-capital\"]}]}<\/script>\n<!-- \/ Yoast SEO plugin. -->","yoast_head_json":{"title":"Impressum - Postera Capital","description":"Postera Capital provides access to blockchain investment, innovation and data insights.","robots":{"index":"index","follow":"follow","max-snippet":"max-snippet:-1","max-image-preview":"max-image-preview:large","max-video-preview":"max-video-preview:-1"},"canonical":"https:\/\/postera.io\/de\/impressum\/","og_locale":"de_DE","og_type":"article","og_title":"Impressum - Postera Capital","og_description":"Postera Capital provides access to blockchain investment, innovation and data insights.","og_url":"https:\/\/postera.io\/de\/impressum\/","og_site_name":"Postera Capital","article_modified_time":"2021-10-14T14:41:04+00:00","twitter_card":"summary_large_image","schema":{"@context":"https:\/\/schema.org","@graph":[{"@type":"WebPage","@id":"https:\/\/postera.io\/de\/impressum\/","url":"https:\/\/postera.io\/de\/impressum\/","name":"Impressum - Postera Capital","isPartOf":{"@id":"https:\/\/postera.io\/de\/#website"},"datePublished":"2020-05-17T12:31:02+00:00","dateModified":"2021-10-14T14:41:04+00:00","description":"Postera Capital provides access to blockchain investment, innovation and data insights.","breadcrumb":{"@id":"https:\/\/postera.io\/de\/impressum\/#breadcrumb"},"inLanguage":"de","potentialAction":[{"@type":"ReadAction","target":["https:\/\/postera.io\/de\/impressum\/"]}]},{"@type":"BreadcrumbList","@id":"https:\/\/postera.io\/de\/impressum\/#breadcrumb","itemListElement":[{"@type":"ListItem","position":1,"name":"Home","item":"https:\/\/postera.io\/de\/"},{"@type":"ListItem","position":2,"name":"Impressum"}]},{"@type":"WebSite","@id":"https:\/\/postera.io\/de\/#website","url":"https:\/\/postera.io\/de\/","name":"Postera Capital","description":"Invest into a new era \u2013 with blockchain","publisher":{"@id":"https:\/\/postera.io\/de\/#organization"},"potentialAction":[{"@type":"SearchAction","target":{"@type":"EntryPoint","urlTemplate":"https:\/\/postera.io\/de\/?s={search_term_string}"},"query-input":{"@type":"PropertyValueSpecification","valueRequired":true,"valueName":"search_term_string"}}],"inLanguage":"de"},{"@type":"Organization","@id":"https:\/\/postera.io\/de\/#organization","name":"Postera Capital GmbH","url":"https:\/\/postera.io\/de\/","logo":{"@type":"ImageObject","inLanguage":"de","@id":"https:\/\/postera.io\/de\/#\/schema\/logo\/image\/","url":"https:\/\/www.postera.io\/wp-content\/uploads\/2021\/10\/postera-capital-logo.png","contentUrl":"https:\/\/www.postera.io\/wp-content\/uploads\/2021\/10\/postera-capital-logo.png","width":1455,"height":647,"caption":"Postera Capital GmbH"},"image":{"@id":"https:\/\/postera.io\/de\/#\/schema\/logo\/image\/"},"sameAs":["https:\/\/linkedin.com\/company\/postera-capital"]}]}},"_links":{"self":[{"href":"https:\/\/postera.io\/de\/wp-json\/wp\/v2\/pages\/14395","targetHints":{"allow":["GET"]}}],"collection":[{"href":"https:\/\/postera.io\/de\/wp-json\/wp\/v2\/pages"}],"about":[{"href":"https:\/\/postera.io\/de\/wp-json\/wp\/v2\/types\/page"}],"author":[{"embeddable":true,"href":"https:\/\/postera.io\/de\/wp-json\/wp\/v2\/users\/1"}],"replies":[{"embeddable":true,"href":"https:\/\/postera.io\/de\/wp-json\/wp\/v2\/comments?post=14395"}],"version-history":[{"count":10,"href":"https:\/\/postera.io\/de\/wp-json\/wp\/v2\/pages\/14395\/revisions"}],"predecessor-version":[{"id":16041,"href":"https:\/\/postera.io\/de\/wp-json\/wp\/v2\/pages\/14395\/revisions\/16041"}],"wp:attachment":[{"href":"https:\/\/postera.io\/de\/wp-json\/wp\/v2\/media?parent=14395"}],"curies":[{"name":"wp","href":"https:\/\/api.w.org\/{rel}","templated":true}]}}