{"id":14390,"date":"2020-05-17T14:28:47","date_gmt":"2020-05-17T12:28:47","guid":{"rendered":"https:\/\/www.postera.io\/insights\/"},"modified":"2021-10-14T16:40:54","modified_gmt":"2021-10-14T14:40:54","slug":"insights","status":"publish","type":"page","link":"https:\/\/postera.io\/de\/insights\/","title":{"rendered":"Insights"},"content":{"rendered":"<div class=\"wpb-content-wrapper\"><p>[vc_row row_height_percent=&#8220;0&#8243; override_padding=&#8220;yes&#8220; h_padding=&#8220;2&#8243; top_padding=&#8220;7&#8243; bottom_padding=&#8220;7&#8243; back_color=&#8220;color-wayh&#8220; overlay_alpha=&#8220;0&#8243; gutter_size=&#8220;3&#8243; column_width_percent=&#8220;100&#8243; shift_y=&#8220;0&#8243; z_index=&#8220;0&#8243; uncode_shortcode_id=&#8220;163758&#8243; back_color_type=&#8220;uncode-palette&#8220;][vc_column column_width_percent=&#8220;100&#8243; position_vertical=&#8220;middle&#8220; gutter_size=&#8220;3&#8243; style=&#8220;dark&#8220; font_family=&#8220;font-152638&#8243; overlay_alpha=&#8220;50&#8243; shift_x=&#8220;0&#8243; shift_y=&#8220;0&#8243; shift_y_down=&#8220;0&#8243; z_index=&#8220;0&#8243; medium_width=&#8220;0&#8243; mobile_width=&#8220;0&#8243; width=&#8220;1\/1&#8243; uncode_shortcode_id=&#8220;657175&#8243;][vc_single_image media=&#8220;14729&#8243; media_width_use_pixel=&#8220;yes&#8220; css_animation=&#8220;alpha-anim&#8220; media_width_pixel=&#8220;64&#8243; uncode_shortcode_id=&#8220;207150&#8243;][vc_row_inner][vc_column_inner width=&#8220;5\/6&#8243;][vc_custom_heading text_color=&#8220;color-xsdn&#8220; heading_semantic=&#8220;p&#8220; text_size=&#8220;fontsize-863372&#8243; text_weight=&#8220;400&#8243; text_height=&#8220;fontheight-163255&#8243; css_animation=&#8220;curtain&#8220; animation_delay=&#8220;100&#8243; interval_animation=&#8220;20&#8243; uncode_shortcode_id=&#8220;191998&#8243; text_color_type=&#8220;uncode-palette&#8220;]In unserem Research nutzen wir unseren einzigartigen Datenbestand, der On-Chain-Daten mit propriet\u00e4ren Off-Chain-Daten kombiniert. Dadurch erhalten wir Einblicke, die Sie gewinnbringend nutzen k\u00f6nnen.[\/vc_custom_heading][\/vc_column_inner][vc_column_inner width=&#8220;1\/6&#8243;][\/vc_column_inner][\/vc_row_inner][vc_column_text text_color=&#8220;accent&#8220; css_animation=&#8220;alpha-anim&#8220; el_class=&#8220;text-uppercase fontspace-177077&#8243; uncode_shortcode_id=&#8220;103768&#8243; text_color_type=&#8220;uncode-palette&#8220;]<span class=\"font-152638 color-210407\">David Finkenst\u00e4dt, Partner<\/span>[\/vc_column_text][\/vc_column][\/vc_row][vc_row row_height_percent=&#8220;0&#8243; override_padding=&#8220;yes&#8220; h_padding=&#8220;2&#8243; top_padding=&#8220;7&#8243; bottom_padding=&#8220;5&#8243; overlay_alpha=&#8220;50&#8243; gutter_size=&#8220;3&#8243; column_width_percent=&#8220;100&#8243; shift_y=&#8220;0&#8243; z_index=&#8220;0&#8243; uncode_shortcode_id=&#8220;208266&#8243;][vc_column column_width_percent=&#8220;100&#8243; gutter_size=&#8220;3&#8243; overlay_alpha=&#8220;50&#8243; shift_x=&#8220;0&#8243; shift_y=&#8220;0&#8243; shift_y_down=&#8220;0&#8243; z_index=&#8220;0&#8243; medium_width=&#8220;0&#8243; mobile_width=&#8220;0&#8243; css_animation=&#8220;alpha-anim&#8220; width=&#8220;1\/3&#8243;][vc_custom_heading text_color=&#8220;color-xsdn&#8220; heading_semantic=&#8220;h4&#8243; text_size=&#8220;h4&#8243; text_height=&#8220;fontheight-235726&#8243; separator=&#8220;yes&#8220; separator_color=&#8220;yes&#8220; sub_reduced=&#8220;yes&#8220; uncode_shortcode_id=&#8220;136242&#8243; text_color_type=&#8220;uncode-palette&#8220; subheading=&#8220;Ein tiefes Verst\u00e4ndnis der Fundamentaldaten eines Tokens bildet die Grundlage f\u00fcr eine Investitionsentscheidung. Wir analysieren u. a. Anwendungsf\u00e4lle, Gesch\u00e4ftsmodelle, Technologie und Teams und sorgen f\u00fcr volle Transparenz bei den Token-Fundamentaldaten.&#8220;]Grundlagen[\/vc_custom_heading][vc_empty_space][\/vc_column][vc_column column_width_percent=&#8220;100&#8243; gutter_size=&#8220;3&#8243; overlay_alpha=&#8220;50&#8243; shift_x=&#8220;0&#8243; shift_y=&#8220;0&#8243; shift_y_down=&#8220;0&#8243; z_index=&#8220;0&#8243; medium_width=&#8220;0&#8243; mobile_width=&#8220;0&#8243; css_animation=&#8220;alpha-anim&#8220; animation_delay=&#8220;100&#8243; width=&#8220;1\/3&#8243;][vc_custom_heading text_color=&#8220;color-xsdn&#8220; heading_semantic=&#8220;h4&#8243; text_size=&#8220;h4&#8243; text_height=&#8220;fontheight-235726&#8243; separator=&#8220;yes&#8220; separator_color=&#8220;yes&#8220; sub_reduced=&#8220;yes&#8220; uncode_shortcode_id=&#8220;210019&#8243; text_color_type=&#8220;uncode-palette&#8220; href=&#8220;\/\/augmento.ai&#8222;&#8220; target=&#8220;&#8222;_blank&#8222;&#8220;]Alternative Daten[\/vc_custom_heading][vc_column_text uncode_shortcode_id=&#8220;137925&#8243; css=&#8220;.vc_custom_1633433508087{margin-top: 24px !important;}&#8220;]Krypto-Assets sind eine Anlageklasse, die stark vom Befinden der Marktteilnehmer beeinflusst wird. Mit den Daten von <a href=\"https:\/\/augmento.ai\" target=\"_blank\" rel=\"noopener noreferrer\">Augmento&nbsp;AI<\/a> nutzen wir die modernste KI-L\u00f6sung der Branche, um die Stimmung an den Kryptom\u00e4rkten zu quantifizieren.<\/p>\n<p>Wir verwenden On-Chain-Daten, um auff\u00e4llige Bewegungen auf der Blockchain zu verfolgen, Best\u00e4nde der Krypto-B\u00f6rsen zu \u00fcberwachen und die reale Nutzung von Blockchain-Anwendungen zu analysieren.[\/vc_column_text][vc_empty_space][\/vc_column][vc_column column_width_percent=&#8220;100&#8243; gutter_size=&#8220;3&#8243; overlay_alpha=&#8220;50&#8243; shift_x=&#8220;0&#8243; shift_y=&#8220;0&#8243; shift_y_down=&#8220;0&#8243; z_index=&#8220;0&#8243; medium_width=&#8220;0&#8243; mobile_width=&#8220;0&#8243; css_animation=&#8220;alpha-anim&#8220; animation_delay=&#8220;200&#8243; width=&#8220;1\/3&#8243;][vc_custom_heading text_color=&#8220;color-xsdn&#8220; heading_semantic=&#8220;h4&#8243; text_size=&#8220;h4&#8243; text_height=&#8220;fontheight-235726&#8243; separator=&#8220;yes&#8220; separator_color=&#8220;yes&#8220; sub_reduced=&#8220;yes&#8220; uncode_shortcode_id=&#8220;191788&#8243; text_color_type=&#8220;uncode-palette&#8220; subheading=&#8220;Die technische Analyse wird in vielen Anlagestrategien eingesetzt. Wenngleich die Grundlagen f\u00fcr alle Asset-Klassen gleich sind, weisen die Krypto-M\u00e4rkte strukturelle Unterschiede auf, die ber\u00fccksichtigt werden m\u00fcssen, um aussagekr\u00e4ftige Ergebnisse zu erhalten. Wir bieten sowohl charttechnische Scorecards als auch auf Kunden zugeschnittene Analysen und Berichte an.&#8220;]Technische Analyse[\/vc_custom_heading][\/vc_column][\/vc_row][vc_row][vc_column width=&#8220;1\/1&#8243;][uncode_block id=&#8220;13476&#8243;][\/vc_column][\/vc_row]<\/p>\n<\/div>","protected":false},"excerpt":{"rendered":"<p>Nutzen Sie<br \/>\nBockchain Insights<\/p>\n","protected":false},"author":1,"featured_media":0,"parent":0,"menu_order":0,"comment_status":"closed","ping_status":"closed","template":"","meta":{"footnotes":""},"class_list":["post-14390","page","type-page","status-publish","hentry"],"yoast_head":"<!-- This site is optimized with the Yoast SEO plugin v26.3 - https:\/\/yoast.com\/wordpress\/plugins\/seo\/ -->\n<title>Insights - Postera Capital<\/title>\n<meta name=\"description\" content=\"Postera Capital provides access to blockchain investment, innovation and data insights.\" \/>\n<meta name=\"robots\" content=\"index, follow, max-snippet:-1, max-image-preview:large, max-video-preview:-1\" \/>\n<link rel=\"canonical\" href=\"https:\/\/postera.io\/de\/insights\/\" \/>\n<meta property=\"og:locale\" content=\"de_DE\" \/>\n<meta property=\"og:type\" content=\"article\" \/>\n<meta property=\"og:title\" content=\"Insights - Postera Capital\" \/>\n<meta property=\"og:description\" content=\"Postera Capital provides access to blockchain investment, innovation and data insights.\" \/>\n<meta property=\"og:url\" content=\"https:\/\/postera.io\/de\/insights\/\" \/>\n<meta property=\"og:site_name\" content=\"Postera Capital\" \/>\n<meta property=\"article:modified_time\" content=\"2021-10-14T14:40:54+00:00\" \/>\n<meta name=\"twitter:card\" content=\"summary_large_image\" \/>\n<meta name=\"twitter:label1\" content=\"Gesch\u00e4tzte Lesezeit\" \/>\n\t<meta name=\"twitter:data1\" content=\"2\u00a0Minuten\" \/>\n<script type=\"application\/ld+json\" class=\"yoast-schema-graph\">{\"@context\":\"https:\/\/schema.org\",\"@graph\":[{\"@type\":\"WebPage\",\"@id\":\"https:\/\/postera.io\/de\/insights\/\",\"url\":\"https:\/\/postera.io\/de\/insights\/\",\"name\":\"Insights - Postera Capital\",\"isPartOf\":{\"@id\":\"https:\/\/postera.io\/de\/#website\"},\"datePublished\":\"2020-05-17T12:28:47+00:00\",\"dateModified\":\"2021-10-14T14:40:54+00:00\",\"description\":\"Postera Capital provides access to blockchain investment, innovation and data insights.\",\"breadcrumb\":{\"@id\":\"https:\/\/postera.io\/de\/insights\/#breadcrumb\"},\"inLanguage\":\"de\",\"potentialAction\":[{\"@type\":\"ReadAction\",\"target\":[\"https:\/\/postera.io\/de\/insights\/\"]}]},{\"@type\":\"BreadcrumbList\",\"@id\":\"https:\/\/postera.io\/de\/insights\/#breadcrumb\",\"itemListElement\":[{\"@type\":\"ListItem\",\"position\":1,\"name\":\"Home\",\"item\":\"https:\/\/postera.io\/de\/\"},{\"@type\":\"ListItem\",\"position\":2,\"name\":\"Insights\"}]},{\"@type\":\"WebSite\",\"@id\":\"https:\/\/postera.io\/de\/#website\",\"url\":\"https:\/\/postera.io\/de\/\",\"name\":\"Postera Capital\",\"description\":\"Invest into a new era \u2013 with blockchain\",\"publisher\":{\"@id\":\"https:\/\/postera.io\/de\/#organization\"},\"potentialAction\":[{\"@type\":\"SearchAction\",\"target\":{\"@type\":\"EntryPoint\",\"urlTemplate\":\"https:\/\/postera.io\/de\/?s={search_term_string}\"},\"query-input\":{\"@type\":\"PropertyValueSpecification\",\"valueRequired\":true,\"valueName\":\"search_term_string\"}}],\"inLanguage\":\"de\"},{\"@type\":\"Organization\",\"@id\":\"https:\/\/postera.io\/de\/#organization\",\"name\":\"Postera Capital GmbH\",\"url\":\"https:\/\/postera.io\/de\/\",\"logo\":{\"@type\":\"ImageObject\",\"inLanguage\":\"de\",\"@id\":\"https:\/\/postera.io\/de\/#\/schema\/logo\/image\/\",\"url\":\"https:\/\/www.postera.io\/wp-content\/uploads\/2021\/10\/postera-capital-logo.png\",\"contentUrl\":\"https:\/\/www.postera.io\/wp-content\/uploads\/2021\/10\/postera-capital-logo.png\",\"width\":1455,\"height\":647,\"caption\":\"Postera Capital GmbH\"},\"image\":{\"@id\":\"https:\/\/postera.io\/de\/#\/schema\/logo\/image\/\"},\"sameAs\":[\"https:\/\/linkedin.com\/company\/postera-capital\"]}]}<\/script>\n<!-- \/ Yoast SEO plugin. -->","yoast_head_json":{"title":"Insights - Postera Capital","description":"Postera Capital provides access to blockchain investment, innovation and data insights.","robots":{"index":"index","follow":"follow","max-snippet":"max-snippet:-1","max-image-preview":"max-image-preview:large","max-video-preview":"max-video-preview:-1"},"canonical":"https:\/\/postera.io\/de\/insights\/","og_locale":"de_DE","og_type":"article","og_title":"Insights - Postera Capital","og_description":"Postera Capital provides access to blockchain investment, innovation and data insights.","og_url":"https:\/\/postera.io\/de\/insights\/","og_site_name":"Postera Capital","article_modified_time":"2021-10-14T14:40:54+00:00","twitter_card":"summary_large_image","twitter_misc":{"Gesch\u00e4tzte Lesezeit":"2\u00a0Minuten"},"schema":{"@context":"https:\/\/schema.org","@graph":[{"@type":"WebPage","@id":"https:\/\/postera.io\/de\/insights\/","url":"https:\/\/postera.io\/de\/insights\/","name":"Insights - Postera Capital","isPartOf":{"@id":"https:\/\/postera.io\/de\/#website"},"datePublished":"2020-05-17T12:28:47+00:00","dateModified":"2021-10-14T14:40:54+00:00","description":"Postera Capital provides access to blockchain investment, innovation and data insights.","breadcrumb":{"@id":"https:\/\/postera.io\/de\/insights\/#breadcrumb"},"inLanguage":"de","potentialAction":[{"@type":"ReadAction","target":["https:\/\/postera.io\/de\/insights\/"]}]},{"@type":"BreadcrumbList","@id":"https:\/\/postera.io\/de\/insights\/#breadcrumb","itemListElement":[{"@type":"ListItem","position":1,"name":"Home","item":"https:\/\/postera.io\/de\/"},{"@type":"ListItem","position":2,"name":"Insights"}]},{"@type":"WebSite","@id":"https:\/\/postera.io\/de\/#website","url":"https:\/\/postera.io\/de\/","name":"Postera Capital","description":"Invest into a new era \u2013 with blockchain","publisher":{"@id":"https:\/\/postera.io\/de\/#organization"},"potentialAction":[{"@type":"SearchAction","target":{"@type":"EntryPoint","urlTemplate":"https:\/\/postera.io\/de\/?s={search_term_string}"},"query-input":{"@type":"PropertyValueSpecification","valueRequired":true,"valueName":"search_term_string"}}],"inLanguage":"de"},{"@type":"Organization","@id":"https:\/\/postera.io\/de\/#organization","name":"Postera Capital GmbH","url":"https:\/\/postera.io\/de\/","logo":{"@type":"ImageObject","inLanguage":"de","@id":"https:\/\/postera.io\/de\/#\/schema\/logo\/image\/","url":"https:\/\/www.postera.io\/wp-content\/uploads\/2021\/10\/postera-capital-logo.png","contentUrl":"https:\/\/www.postera.io\/wp-content\/uploads\/2021\/10\/postera-capital-logo.png","width":1455,"height":647,"caption":"Postera Capital GmbH"},"image":{"@id":"https:\/\/postera.io\/de\/#\/schema\/logo\/image\/"},"sameAs":["https:\/\/linkedin.com\/company\/postera-capital"]}]}},"_links":{"self":[{"href":"https:\/\/postera.io\/de\/wp-json\/wp\/v2\/pages\/14390","targetHints":{"allow":["GET"]}}],"collection":[{"href":"https:\/\/postera.io\/de\/wp-json\/wp\/v2\/pages"}],"about":[{"href":"https:\/\/postera.io\/de\/wp-json\/wp\/v2\/types\/page"}],"author":[{"embeddable":true,"href":"https:\/\/postera.io\/de\/wp-json\/wp\/v2\/users\/1"}],"replies":[{"embeddable":true,"href":"https:\/\/postera.io\/de\/wp-json\/wp\/v2\/comments?post=14390"}],"version-history":[{"count":14,"href":"https:\/\/postera.io\/de\/wp-json\/wp\/v2\/pages\/14390\/revisions"}],"predecessor-version":[{"id":16039,"href":"https:\/\/postera.io\/de\/wp-json\/wp\/v2\/pages\/14390\/revisions\/16039"}],"wp:attachment":[{"href":"https:\/\/postera.io\/de\/wp-json\/wp\/v2\/media?parent=14390"}],"curies":[{"name":"wp","href":"https:\/\/api.w.org\/{rel}","templated":true}]}}